{"id":6,"date":"2023-07-11T20:25:25","date_gmt":"2023-07-11T20:25:25","guid":{"rendered":"https:\/\/www.pousadasitiosossego.com.br\/portal\/mesmerize\/"},"modified":"2026-02-10T05:44:48","modified_gmt":"2026-02-10T05:44:48","slug":"mesmerize","status":"publish","type":"page","link":"https:\/\/www.pousadasitiosossego.com.br\/portal\/","title":{"rendered":"Front Page"},"content":{"rendered":"<div  id=\"sobre-nos\" class=\"about-images-right-section-mc content-section content-section-spacing\" style=\"background-color: #f5fafd;\" data-label=\"Sobre Nos\" data-id=\"about-images-right-section-mc\" data-export-id=\"about-images-right-section-mc\" data-bullets-visibility=\"true\" data-category=\"about\">\n<div  class=\"gridContainer\">\n<div  class=\"row middle-sm text-center\">\n<div  class=\"col-sm-5 content-left-sm\" data-type=\"column\">\n<h5  class=\"\">Pousada Sitio Sossego<\/h5>\n<h2  class=\"\">Venha sentir\n<span  style=\"font-family: Playfair Display,sans-serif; font-weight: bold; font-style: italic;\">o gostinho da serra<\/span><\/h2>\n<p  class=\"\">Situada a 13km da Catedral S\u00e3o Pedro de Alc\u00e2ntara, a Pousada Sitio Sossego oferece acomoda\u00e7\u00f5es 3 estrelas em Petr\u00f3polis e disp\u00f5e de piscina ao ar livre, jardim e lounge compartilhado.<\/p>\n<a  class=\"button color1\" href=\"https:\/\/www.pousadasitiosossego.com.br\/portal?page_id=21\" target=\"_self\" rel=\"noopener\" data-cp-link=\"1\">Saiba mais<\/a>\n\n<\/div>\n<div  class=\"col-sm-7 space-bottom-xs\">\n<div ><\/div>\n<div ><\/div>\n<div ><\/div>\n<div ><\/div>\n<div ><\/div>\n<div  class=\"image-group-side-3-img\"><img  decoding=\"async\" class=\"topimg shadow-large\" title=\"IMG_3801 (1)\" src=\"https:\/\/www.pousadasitiosossego.com.br\/portal\/wp-content\/uploads\/2026\/02\/cropped-cropped-IMG_3801-1-scaled-1.jpg\" alt=\"\"> <img  decoding=\"async\" class=\"alignnone size-full wp-image-205\" src=\"https:\/\/www.pousadasitiosossego.com.br\/portal\/wp-content\/uploads\/2026\/01\/IMG_3806-2.heic\" alt=\"\"><img  decoding=\"async\" class=\"rightimg shadow-large\" title=\"IMG_3795 (1)\" src=\"https:\/\/www.pousadasitiosossego.com.br\/portal\/wp-content\/uploads\/2026\/02\/cropped-cropped-IMG_3795-1-scaled-1.jpg\" alt=\"\">\n<div  class=\"leftimg\"><a  data-cp-link=\"1\" href=\"#\"><img  decoding=\"async\" class=\"shadow-large\" title=\"IMG_3774\" src=\"https:\/\/www.pousadasitiosossego.com.br\/portal\/wp-content\/uploads\/2026\/02\/cropped-IMG_3774-scaled-1.jpg\" alt=\"\"><\/a><\/div>\n<\/div>\n<\/div>\n<\/div>\n<\/div>\n<\/div><div  id=\"quartos\" class=\"portfolio-5-mc content-section content-section-spacing section-title-col-white-text bg-color1\" data-label=\"Quartos\" data-id=\"portfolio-5-mc\" data-export-id=\"portfolio-5-mc\" data-bullets-visibility=\"true\" data-category=\"portfolio\">\n<div  class=\"gridContainer\">\n<div  class=\"row text-center\">\n<div  class=\"section-title-col\" data-type=\"column\">\n<h2  class=\"\">Acomoda\u00e7\u00f5es<\/h2>\n<p  class=\"lead\">Quartos aconchegantes e especiais esperando por voc\u00ea.<\/p>\n\n<\/div>\n<\/div>\n<div  class=\"row space-bottom spaced-cols\" data-type=\"row\">\n<div  class=\"col-xs-12 col-sm-4 text-center col-md-3 \">\n<div  class=\"card no-padding bordered\">\n<div  class=\"contentswap-effect contentswap-overlay\" style=\"float: none; margin: 0; width: 100%;\" data-hover-fx=\"portfolio-6\">\n<div  class=\"initial-image\" style=\"float: none; margin: 0;\"><img  decoding=\"async\" src=\"https:\/\/www.pousadasitiosossego.com.br\/portal\/wp-content\/uploads\/2023\/08\/WhatsApp-Image-2023-08-02-at-11.29.39.jpeg\" data-size=\"500x333\"><\/div>\n<div  class=\"overlay bg-color6\" style=\"display: block; transition: opacity 800ms ease 0s; -webkit-transition-timing-function: ease; -moz-transition-timing-function: ease; -o-transition-timing-function: ease; transition-timing-function: ease;\"><\/div>\n<div  class=\"swap-inner col-xs-12\" style=\"display: block; transition: all 800ms ease 0s; background-color: rgba(0,0,0,0); margin-top: 0;\">\n<div  class=\"row full-height-row middle-xs middle-sm\">\n<div  class=\"col-xs-12 text-center content-holder\"><a  class=\"button small color2\" href=\"https:\/\/www.pousadasitiosossego.com.br\/portal\/bwg_gallery\/standart\" target=\"_self\" rel=\"noopener\" data-cp-link=\"1\">Veja mais<\/a><\/div>\n<\/div>\n<\/div>\n<\/div>\n<div  class=\"col-xs-12\">\n<div  class=\"space-bottom space-top\" data-type=\"column\">\n<h5  class=\"\">Standard<\/h5>\n<p  class=\"small italic\">Esta categoria oferece: quarto triplo com frigobar, TV e banheiro privativo.<\/p>\n\n<\/div>\n<\/div>\n<\/div>\n<\/div>\n<div  class=\"col-xs-12 col-sm-4 text-center col-md-3 \">\n<div  class=\"card no-padding bordered\">\n<div  class=\"contentswap-effect contentswap-overlay\" style=\"float: none; margin: 0; width: 100%;\" data-hover-fx=\"portfolio-6\">\n<div  class=\"initial-image\" style=\"float: none; margin: 0;\"><img  decoding=\"async\" src=\"https:\/\/www.pousadasitiosossego.com.br\/portal\/wp-content\/uploads\/2023\/08\/WhatsApp-Image-2023-08-02-at-11.28.12.jpeg\" data-size=\"500x333\"><\/div>\n<div  class=\"overlay bg-color6\" style=\"display: block; transition: opacity 800ms ease 0s; -webkit-transition-timing-function: ease; -moz-transition-timing-function: ease; -o-transition-timing-function: ease; transition-timing-function: ease;\"><\/div>\n<div  class=\"swap-inner col-xs-12\" style=\"display: block; transition: all 800ms ease 0s; background-color: rgba(0,0,0,0); margin-top: 0;\">\n<div  class=\"row full-height-row middle-xs middle-sm\">\n<div  class=\"col-xs-12 text-center content-holder\"><a  class=\"button small color2\" href=\"https:\/\/www.pousadasitiosossego.com.br\/portal\/bwg_gallery\/quarto-delux\" target=\"_self\" rel=\"noopener\" data-cp-link=\"1\">Veja Mais<\/a><\/div>\n<\/div>\n<\/div>\n<\/div>\n<div  class=\"col-xs-12\">\n<div  class=\"space-bottom space-top\" data-type=\"column\">\n<h5  class=\"\">Deluxe<\/h5>\n<p  class=\"small italic\">Esta categoria oferece: quarto qu\u00e1druplo com frigobar, tv, banheiro privativo e vista para o jardim.<\/p>\n\n<\/div>\n<\/div>\n<\/div>\n<\/div>\n<div  class=\"col-xs-12 col-sm-4 text-center col-md-3 \">\n<div  class=\"card no-padding bordered\">\n<div  class=\"contentswap-effect contentswap-overlay\" style=\"float: none; margin: 0; width: 100%;\" data-hover-fx=\"portfolio-6\">\n<div  class=\"initial-image\" style=\"float: none; margin: 0;\"><img  decoding=\"async\" src=\"https:\/\/www.pousadasitiosossego.com.br\/portal\/wp-content\/uploads\/2023\/08\/WhatsApp-Image-2023-08-02-at-11.32.59.jpeg\" data-size=\"500x333\"><\/div>\n<div  class=\"overlay bg-color6\" style=\"display: block; transition: opacity 800ms ease 0s; -webkit-transition-timing-function: ease; -moz-transition-timing-function: ease; -o-transition-timing-function: ease; transition-timing-function: ease;\"><\/div>\n<div  class=\"swap-inner col-xs-12\" style=\"display: block; transition: all 800ms ease 0s; background-color: rgba(0,0,0,0); margin-top: 0;\">\n<div  class=\"row full-height-row middle-xs middle-sm\">\n<div  class=\"col-xs-12 text-center content-holder\"><a  class=\"button small color2\" href=\"https:\/\/www.pousadasitiosossego.com.br\/portal\/bwg_gallery\/quarto-familia\" target=\"_self\" rel=\"noopener\" data-cp-link=\"1\">Veja Mais<\/a><\/div>\n<\/div>\n<\/div>\n<\/div>\n<div  class=\"col-xs-12\">\n<div  class=\"space-bottom space-top\" data-type=\"column\">\n<h5  class=\"\">Fam\u00edlia<\/h5>\n<p  class=\"small italic\">Essa categoria oferece: quarto com 1 cama de casal e 3 de solteiro al\u00e9m de frigobar, TV, c\u00f4moda e banheiro privativo.<\/p>\n\n<\/div>\n<\/div>\n<\/div>\n<\/div><div  class=\"col-xs-12 col-sm-4 text-center col-md-3\">\n<div  class=\"card no-padding bordered\">\n<div  class=\"contentswap-effect contentswap-overlay\" style=\"float: none; margin: 0; width: 100%;\" data-hover-fx=\"portfolio-6\">\n<div  class=\"overlay bg-color6\" style=\"display: block; transition: opacity 800ms ease 0s; -webkit-transition-timing-function: ease; -moz-transition-timing-function: ease; -o-transition-timing-function: ease; transition-timing-function: ease;\"><\/div>\n<div  class=\"swap-inner col-xs-12\" style=\"display: block; transition: all 800ms ease 0s; background-color: rgba(0,0,0,0); margin-top: 0;\">\n<div  class=\"row full-height-row middle-xs middle-sm\">\n<div  class=\"col-xs-12 text-center content-holder\"><a  class=\"button small color2\" href=\"https:\/\/www.pousadasitiosossego.com.br\/portal\/bwg_gallery\/quarto-master\" target=\"_self\" rel=\"noopener\" data-cp-link=\"1\">Veja Mais<\/a><\/div>\n<\/div>\n<\/div>\n<\/div>\n<div  class=\"col-xs-12\">\n<div  class=\"space-bottom space-top\" data-type=\"column\">\n\n\n\n<img  decoding=\"async\" class=\"custom-image\" src=\"https:\/\/www.pousadasitiosossego.com.br\/portal\/wp-content\/uploads\/2026\/02\/cropped-IMG_3821-3-scaled-1.jpg\" title=\"IMG_3821\" alt=\"\"><a  class=\"button blue\" href=\"#https:\/\/www.pousadasitiosossego.com.br\/portal\/bwg_gallery\/quarto-master\" target=\"_self\" data-cp-link=\"1\">Veja mais<\/a><h5  class=\"\">Master<\/h5><p  class=\"small italic\">Esta categoria oferece: quarto triplo, frigobar, TV, banheira de hidromassagem e ar condicionado.<\/p><\/div>\n<\/div>\n<\/div>\n<\/div>\n\n<\/div>\n<div  class=\"row\">\n<div  class=\"col-xs-12 text-center\" data-type=\"column\"><\/div>\n<\/div>\n<\/div>\n<\/div><div  id=\"comodidades\" class=\"features-16-card-bordered-mc content-section content-section-spacing\" style=\"background-color: #ffffff;\" data-label=\"Comodidades\" data-id=\"features-16-card-bordered-mc\" data-export-id=\"features-16-card-bordered-mc\" data-bullets-visibility=\"true\" data-category=\"features\">\n<div  class=\"gridContainer\">\n<div  class=\"row text-center\">\n<div  class=\"section-title-col\" data-type=\"column\">\n<h5  class=\"\">Comodidades<\/h5>\n<h2  class=\"\">Sinta-se em casa!<\/h2>\n<p  class=\"lead\">O melhor para o seu descanso e divers\u00e3o voc\u00ea encontra aqui.<\/p>\n\n<\/div>\n<\/div>\n<div  class=\"row spaced-cols\" data-type=\"row\">\n<div  class=\"col-xs-12 col-sm-6 col-md-4\">\n<div  class=\"card no-padding bordered y-move\"><img  decoding=\"async\" class=\"face\" title=\"IMG_3774\" src=\"https:\/\/www.pousadasitiosossego.com.br\/portal\/wp-content\/uploads\/2026\/02\/cropped-cropped-cropped-IMG_3774-scaled-1.jpg\" alt=\"\">\n<div  class=\"col-padding-small col-padding-small-xs description-container\" data-type=\"column\">\n<h4  class=\"font-500\">Lounge de conviv\u00eancia<\/h4>\n<\/div>\n<div  class=\"col-padding-small col-padding-small-xs read-more-container\" data-type=\"column\"><\/div>\n<\/div>\n<\/div>\n<div  class=\"col-xs-12 col-sm-6 col-md-4\">\n<div  class=\"card no-padding bordered y-move\"><img  decoding=\"async\" class=\"face\" title=\"cropped-WhatsApp-Image-2023-08-02-at-11.38.37-4.jpeg\" src=\"https:\/\/www.pousadasitiosossego.com.br\/portal\/wp-content\/uploads\/2023\/08\/cropped-WhatsApp-Image-2023-08-02-at-11.38.37-4.jpeg\" alt=\"\">\n<div  class=\"col-padding-small col-padding-small-xs description-container\" data-type=\"column\">\n<h4  class=\"font-500\">Estacionamento gratuito<\/h4>\n<\/div>\n<div  class=\"col-padding-small col-padding-small-xs read-more-container\" data-type=\"column\"><\/div>\n<\/div>\n<\/div>\n<div  class=\"col-xs-12 col-sm-6 col-md-4\">\n<div  class=\"card no-padding bordered y-move\"><img  decoding=\"async\" class=\"face\" title=\"IMG_3795 (1)\" src=\"https:\/\/www.pousadasitiosossego.com.br\/portal\/wp-content\/uploads\/2026\/02\/cropped-cropped-cropped-cropped-IMG_3795-1-scaled-1.jpg\" alt=\"\">\n<div  class=\"col-padding-small col-padding-small-xs description-container\" data-type=\"column\">\n<h4  class=\"font-500\">Espa\u00e7os ao ar livre<\/h4>\n<\/div>\n<div  class=\"col-padding-small col-padding-small-xs read-more-container\" data-type=\"column\"><\/div>\n<\/div>\n<\/div>\n<div  class=\"col-xs-12 col-sm-6 col-md-4\">\n<div  class=\"card no-padding bordered y-move\"><img  decoding=\"async\" class=\"face\" title=\"IMG_3792 (1)\" src=\"https:\/\/www.pousadasitiosossego.com.br\/portal\/wp-content\/uploads\/2026\/02\/cropped-cropped-IMG_3792-1-scaled-1.jpg\" alt=\"\">\n<div  class=\"col-padding-small col-padding-small-xs description-container\" data-type=\"column\">\n<h4  class=\"font-500\">Sal\u00e3o de caf\u00e9 da manh\u00e3 e eventos<\/h4>\n<\/div>\n<div  class=\"col-padding-small col-padding-small-xs read-more-container\" data-type=\"column\"><\/div>\n<\/div>\n<\/div>\n<div  class=\"col-xs-12 col-sm-6 col-md-4\">\n<div  class=\"card no-padding bordered y-move\"><img  decoding=\"async\" class=\"face\" title=\"IMG_3806 (1)\" src=\"https:\/\/www.pousadasitiosossego.com.br\/portal\/wp-content\/uploads\/2026\/02\/cropped-cropped-IMG_3806-1-scaled-1.jpg\" alt=\"\">\n<div  class=\"col-padding-small col-padding-small-xs description-container\" data-type=\"column\">\n<h4  class=\"font-500\">Piscina<\/h4>\n<\/div>\n<div  class=\"col-padding-small col-padding-small-xs read-more-container\" data-type=\"column\"><\/div>\n<\/div>\n<\/div>\n<div  class=\"col-xs-12 col-sm-6 col-md-4\">\n<div  class=\"card no-padding bordered y-move\"><img  decoding=\"async\" class=\"face\" title=\"IMG_3811\" src=\"https:\/\/www.pousadasitiosossego.com.br\/portal\/wp-content\/uploads\/2026\/02\/cropped-IMG_3811-scaled-1.jpg\" alt=\"\">\n<div  class=\"col-padding-small col-padding-small-xs description-container\" data-type=\"column\">\n<h4  class=\"font-500\">Apoio da piscina<\/h4>\n<\/div>\n<div  class=\"col-padding-small col-padding-small-xs read-more-container\" data-type=\"column\"><\/div>\n<\/div>\n<\/div>\n<\/div>\n<\/div>\n<\/div><div  id=\"especiais\" class=\"content-7-mc content-section content-section-spacing\" style=\"background-color: #f5fafd;\" data-label=\"Especiais\" data-id=\"content-7-mc\" data-export-id=\"content-7-mc\" data-category=\"content\" data-bullets-visibility=\"true\">\n<div  class=\"gridContainer\">\n<div  class=\"row middle-sm\">\n<div  class=\"col-sm-6 space-bottom-xs\" data-type=\"column\">\n<h2  class=\"\">Venha Curtir Suas F\u00e9rias<\/h2>\n<p  class=\"\">FA\u00c7A SUA RESERVA!<\/p>\n\n<\/div>\n<div  class=\"col-sm-6\" data-type=\"column\"><img  decoding=\"async\" class=\"shadow-large\" title=\"cropped-post-ferias-pss-2.jpg\" src=\"https:\/\/www.pousadasitiosossego.com.br\/portal\/wp-content\/uploads\/2026\/02\/cropped-post-ferias-pss-2.jpg\" alt=\"\"><\/div>\n<\/div>\n<\/div>\n<\/div><div  id=\"content-2\" class=\"content-8-mc content-section content-section-spacing\" style=\"background-color: #ffffff;\" data-label=\"Content\" data-id=\"content-8-mc\" data-export-id=\"content-8-mc\" data-category=\"content\">\n<div  class=\"gridContainer\">\n<div  class=\"row middle-sm\">\n<div  class=\"col-sm-6 space-bottom-xs space-top-xs\" data-type=\"column\"><img  decoding=\"async\" class=\"shadow-large\" title=\"Oktoberfest\" src=\"https:\/\/www.pousadasitiosossego.com.br\/portal\/wp-content\/uploads\/2023\/08\/Oktoberfest.jpg\" alt=\"\"><\/div>\n<div  class=\"col-sm-6\" data-type=\"column\">\n<h2  class=\"\">Oktoberfest<\/h2>\n<p  class=\"\">Uma boa not\u00edcia para voc\u00ea que gosta de uma festa regada a bastante chopp, \u00e9 a Oktoberfest, que acontece anualmente no Parque de Itaipava, a festa t\u00edpica que celebra a cultura germ\u00e2nica.<\/p>\n\n<\/div>\n<\/div>\n<\/div>\n<\/div><div  id=\"contato\" class=\"contact-1-mc content-section content-section-spacing white-text\" style=\"background-color: #ffffff; background-size: cover; background-position: center top; background-image: url('https:\/\/www.pousadasitiosossego.com.br\/portal\/wp-content\/uploads\/2023\/08\/WhatsApp-Image-2023-08-02-at-11.38.37-3.jpeg');\" data-label=\"Contato\" data-id=\"contact-1-mc\" data-export-id=\"contact-1-mc\" data-bullets-visibility=\"true\" data-category=\"contact\" data-parallax-depth=\"20\">\n<div  class=\"gridContainer\">\n<div  class=\"row text-center\">\n<div  class=\"section-title-col\" data-type=\"column\">\n<h2  class=\"\">Fale Conosco<\/h2>\n<p  class=\"lead\">Nos envie a sua mensagem, ficaremos felizes em responder.<\/p>\n\n<\/div>\n<\/div>\n<div  class=\"row text-center\">\n<div  class=\"col-xs-12 col-sm-8 col-sm-offset-2 contact-form-wrapper inline-info\">\n<div  class=\"card large-padding\">\n<div  class=\"\" data-content-shortcode=\"mesmerize_contact_form shortcode=&quot;contact-form-7 id=&amp;amp;quot;5897730&amp;amp;quot; title=&amp;amp;quot;Formul\u00e1rio de contato 1&amp;amp;quot;&quot;\" data-editable=\"true\">\n<div class=\"wpcf7 no-js\" id=\"wpcf7-f8-o1\" lang=\"pt-BR\" dir=\"ltr\">\n<div class=\"screen-reader-response\"><p role=\"status\" aria-live=\"polite\" aria-atomic=\"true\"><\/p> <ul><\/ul><\/div>\n<form action=\"\/portal\/wp-json\/wp\/v2\/pages\/6#wpcf7-f8-o1\" method=\"post\" class=\"wpcf7-form init\" aria-label=\"Formul\u00e1rios de contato\" novalidate=\"novalidate\" data-status=\"init\">\n<div style=\"display: none;\">\n<input type=\"hidden\" name=\"_wpcf7\" value=\"8\" \/>\n<input type=\"hidden\" name=\"_wpcf7_version\" value=\"5.9.5\" \/>\n<input type=\"hidden\" name=\"_wpcf7_locale\" value=\"pt_BR\" \/>\n<input type=\"hidden\" name=\"_wpcf7_unit_tag\" value=\"wpcf7-f8-o1\" \/>\n<input type=\"hidden\" name=\"_wpcf7_container_post\" value=\"0\" \/>\n<input type=\"hidden\" name=\"_wpcf7_posted_data_hash\" value=\"\" \/>\n<\/div>\n<p><label> Seu nome<br \/>\n<span class=\"wpcf7-form-control-wrap\" data-name=\"your-name\"><input size=\"40\" class=\"wpcf7-form-control wpcf7-text wpcf7-validates-as-required\" autocomplete=\"name\" aria-required=\"true\" aria-invalid=\"false\" value=\"\" type=\"text\" name=\"your-name\" \/><\/span> <\/label>\n<\/p>\n<p><label> Seu e-mail<br \/>\n<span class=\"wpcf7-form-control-wrap\" data-name=\"your-email\"><input size=\"40\" class=\"wpcf7-form-control wpcf7-email wpcf7-validates-as-required wpcf7-text wpcf7-validates-as-email\" autocomplete=\"email\" aria-required=\"true\" aria-invalid=\"false\" value=\"\" type=\"email\" name=\"your-email\" \/><\/span> <\/label>\n<\/p>\n<p><label> Assunto<br \/>\n<span class=\"wpcf7-form-control-wrap\" data-name=\"your-subject\"><input size=\"40\" class=\"wpcf7-form-control wpcf7-text wpcf7-validates-as-required\" aria-required=\"true\" aria-invalid=\"false\" value=\"\" type=\"text\" name=\"your-subject\" \/><\/span> <\/label>\n<\/p>\n<p><label> Sua mensagem (opcional)<br \/>\n<span class=\"wpcf7-form-control-wrap\" data-name=\"your-message\"><textarea cols=\"40\" rows=\"10\" class=\"wpcf7-form-control wpcf7-textarea\" aria-invalid=\"false\" name=\"your-message\"><\/textarea><\/span> <\/label>\n<\/p>\n<p><input class=\"wpcf7-form-control wpcf7-submit has-spinner\" type=\"submit\" value=\"Enviar\" \/>\n<\/p><input type='hidden' class='wpcf7-pum' value='{\"closepopup\":false,\"closedelay\":0,\"openpopup\":false,\"openpopup_id\":0}' \/><div class=\"wpcf7-response-output\" aria-hidden=\"true\"><\/div>\n<\/form>\n<\/div>\n<\/div>\n<\/div>\n<\/div>\n<\/div>\n<\/div>\n<\/div>","protected":false},"excerpt":{"rendered":"<p>Pousada Sitio Sossego Venha sentir o gostinho da serra Situada a 13km da Catedral S\u00e3o Pedro de Alc\u00e2ntara, a Pousada Sitio Sossego oferece acomoda\u00e7\u00f5es 3 estrelas em Petr\u00f3polis e disp\u00f5e de piscina ao ar livre, jardim e lounge compartilhado. Saiba mais Acomoda\u00e7\u00f5es Quartos aconchegantes e especiais esperando por voc\u00ea. Veja mais Standard Esta categoria oferece:&hellip; <br \/> <a class=\"read-more\" href=\"https:\/\/www.pousadasitiosossego.com.br\/portal\/\">Leia mais<\/a><\/p>\n","protected":false},"author":1,"featured_media":0,"parent":0,"menu_order":0,"comment_status":"closed","ping_status":"closed","template":"page-templates\/homepage.php","meta":{"footnotes":""},"class_list":["post-6","page","type-page","status-publish","hentry"],"_links":{"self":[{"href":"https:\/\/www.pousadasitiosossego.com.br\/portal\/wp-json\/wp\/v2\/pages\/6","targetHints":{"allow":["GET"]}}],"collection":[{"href":"https:\/\/www.pousadasitiosossego.com.br\/portal\/wp-json\/wp\/v2\/pages"}],"about":[{"href":"https:\/\/www.pousadasitiosossego.com.br\/portal\/wp-json\/wp\/v2\/types\/page"}],"author":[{"embeddable":true,"href":"https:\/\/www.pousadasitiosossego.com.br\/portal\/wp-json\/wp\/v2\/users\/1"}],"replies":[{"embeddable":true,"href":"https:\/\/www.pousadasitiosossego.com.br\/portal\/wp-json\/wp\/v2\/comments?post=6"}],"version-history":[{"count":35,"href":"https:\/\/www.pousadasitiosossego.com.br\/portal\/wp-json\/wp\/v2\/pages\/6\/revisions"}],"predecessor-version":[{"id":265,"href":"https:\/\/www.pousadasitiosossego.com.br\/portal\/wp-json\/wp\/v2\/pages\/6\/revisions\/265"}],"wp:attachment":[{"href":"https:\/\/www.pousadasitiosossego.com.br\/portal\/wp-json\/wp\/v2\/media?parent=6"}],"curies":[{"name":"wp","href":"https:\/\/api.w.org\/{rel}","templated":true}]}}